{"id":593,"date":"2022-02-01T09:35:01","date_gmt":"2022-02-01T08:35:01","guid":{"rendered":"https:\/\/www.barternext.com\/?page_id=593"},"modified":"2022-02-02T11:30:34","modified_gmt":"2022-02-02T10:30:34","slug":"faq","status":"publish","type":"page","link":"https:\/\/www.barternext.com\/en\/faq\/","title":{"rendered":"FAQ"},"content":{"rendered":"<div  class=\"ewd-ufaq-faq-list ewd-ufaq-page-type-distinct ewd-ufaq-category-tabs-\" id='ewd-ufaq-faq-list'>\n\n\t<input type='hidden' name='show_on_load' value='' id='ewd-ufaq-show-on-load' \/>\n<input type='hidden' name='include_category' value='' id='ewd-ufaq-include-category' \/>\n<input type='hidden' name='exclude_category' value='' id='ewd-ufaq-exclude-category' \/>\n<input type='hidden' name='orderby' value='title' id='ewd-ufaq-orderby' \/>\n<input type='hidden' name='order' value='asc' id='ewd-ufaq-order' \/>\n<input type='hidden' name='post_count' value='-1' id='ewd-ufaq-post-count' \/>\n<input type='hidden' name='current_url' value='\/en\/wp-json\/wp\/v2\/pages\/593' id='ewd-ufaq-current-url' \/>\n\t\n\t\n\t<div class='ewd-ufaq-faqs'>\n\n\t\t<div  class=\"ewd-ufaq-faq-div ewd-ufaq-faq-column-count-one ewd-ufaq-faq-responsive-columns- ewd-ufaq-faq-display-style-default ewd-ufaq-can-be-toggled\" id='ewd-ufaq-post-634-YpoidyPuNJ' data-post_id='634'>\n\n\t\t\n\t<div class='ewd-ufaq-faq-title ewd-ufaq-faq-toggle'>\n\t\n\t<a class='ewd-ufaq-post-margin'  href='#' role=\"button\">\n\n\t\t<div class='ewd-ufaq-post-margin-symbol ewd-ufaq-'>\n\t\t\t<span >A<\/span>\n\t\t<\/div>\n\n\t\t<div class='ewd-ufaq-faq-title-text'>\n\n\t\t\t<h4>\n\t\t\t\tWhat is the duration of a BarterNext contract?\t\t\t<\/h4>\n\n\t\t<\/div>\n\n\t\t<div class='ewd-ufaq-clear'><\/div>\n\n\t<\/a>\n\t\n<\/div>\n\t\n\t<div class='ewd-ufaq-faq-body' >\n\n\t\t\n\t\t\t<div class='ewd-ufaq-faq-categories'>\n\t\n\tCategories:\n\t\n\t\tContrat\n\t\n\t\tFonctionnement\n\t\n<\/div>\n\t\t\n\t\t\t<div class='ewd-ufaq-post-margin ewd-ufaq-faq-post'>\n\t\n<p>The minimum commitment is 1 month, to stop your contract with BarterNext you simply need to have a balance of 0 B\u20ac on your account.<\/p>\n\n\n\n<p>If at that time the balance is positive and you close your account, the balance is transferred to the guarantee fund. It is possible to restore it in case of reaffiliation. If the balance is negative, you must pay it back in euros.<\/p>\n\n\n\n<p>If one or more monthly payments of your subscription are in default, the contract can be suspended and then terminated by BarterNext.<\/p>\n<\/div>\n\t\t\n\t\t\t\n\t\t\n\t\t\t\n\t\t\n\t\t\t\n\t\t\n\t\t\t\n\t\t\n\t\t\t\n\t\t\n\t\t\t\n\t\t\n\t\t\t\n\t\t\n\t\t\t\n\t\t\n\t<\/div>\n\n<\/div>\n\t<\/div>\n\n\t\n<\/div>","protected":false},"excerpt":{"rendered":"<p>A Quelle est la dur\u00e9e d&rsquo;un contrat BarterNext ? Categories: Contrat Fonctionnement L&rsquo;engagement minimum est de 1 mois, pour arr\u00eater votre contrat avec BarterNext vous devez simplement avoir un solde \u00e0 0 B\u20ac sur votre compte. Si \u00e0 ce moment l\u00e0, le solde est positif et que vous fermez votre compte, le solde est transf\u00e9r\u00e9 &hellip; <a href=\"https:\/\/www.barternext.com\/en\/ufaq\/quelle-est-la-duree-dun-contrat-barternext\/\" class=\"more-link\">Continue reading<span class=\"screen-reader-text\"> \"How long does a BarterNext contract last?<\/span><\/a><\/p>","protected":false},"author":1,"featured_media":0,"parent":0,"menu_order":0,"comment_status":"closed","ping_status":"closed","template":"","meta":{"footnotes":""},"class_list":["post-593","page","type-page","status-publish","hentry"],"_links":{"self":[{"href":"https:\/\/www.barternext.com\/en\/wp-json\/wp\/v2\/pages\/593"}],"collection":[{"href":"https:\/\/www.barternext.com\/en\/wp-json\/wp\/v2\/pages"}],"about":[{"href":"https:\/\/www.barternext.com\/en\/wp-json\/wp\/v2\/types\/page"}],"author":[{"embeddable":true,"href":"https:\/\/www.barternext.com\/en\/wp-json\/wp\/v2\/users\/1"}],"replies":[{"embeddable":true,"href":"https:\/\/www.barternext.com\/en\/wp-json\/wp\/v2\/comments?post=593"}],"version-history":[{"count":5,"href":"https:\/\/www.barternext.com\/en\/wp-json\/wp\/v2\/pages\/593\/revisions"}],"predecessor-version":[{"id":626,"href":"https:\/\/www.barternext.com\/en\/wp-json\/wp\/v2\/pages\/593\/revisions\/626"}],"wp:attachment":[{"href":"https:\/\/www.barternext.com\/en\/wp-json\/wp\/v2\/media?parent=593"}],"curies":[{"name":"wp","href":"https:\/\/api.w.org\/{rel}","templated":true}]}}